{"id":1865,"date":"2026-03-23T09:55:54","date_gmt":"2026-03-23T08:55:54","guid":{"rendered":"https:\/\/almamatermuseum.com\/compra-de-entradas\/?post_type=product&#038;p=1865"},"modified":"2026-04-13T10:11:01","modified_gmt":"2026-04-13T08:11:01","slug":"visita-san-felipe-22-mayo-1730h","status":"publish","type":"product","link":"https:\/\/almamatermuseum.com\/compra-de-entradas\/entrada\/visita-san-felipe-22-mayo-1730h\/","title":{"rendered":"Visita San Felipe &#8211; 22 Mayo 17:30h"},"content":{"rendered":"","protected":false},"excerpt":{"rendered":"<p>La iglesia de San Felipe y Santiago el Menor es un espacio donde todo huele a barroco. \u00bfCu\u00e1l es su esencia? \u00bfQu\u00e9 nos evoca su interior? \u00bfQu\u00e9 hay detr\u00e1s de su arte? En esta visita nos meteremos de lleno a experimentar las sensaciones que nos transmite un templo como este. S\u00f3lo as\u00ed podremos ser conscientes de su verdadera dimensi\u00f3n.<\/p>\n","protected":false},"featured_media":1856,"template":"","meta":{"_acf_changed":false,"_uag_custom_page_level_css":"","site-sidebar-layout":"default","site-content-layout":"","ast-site-content-layout":"default","site-content-style":"default","site-sidebar-style":"default","ast-global-header-display":"","ast-banner-title-visibility":"","ast-main-header-display":"","ast-hfb-above-header-display":"","ast-hfb-below-header-display":"","ast-hfb-mobile-header-display":"","site-post-title":"","ast-breadcrumbs-content":"","ast-featured-img":"","footer-sml-layout":"","ast-disable-related-posts":"","theme-transparent-header-meta":"default","adv-header-id-meta":"","stick-header-meta":"","header-above-stick-meta":"","header-main-stick-meta":"","header-below-stick-meta":"","astra-migrate-meta-layouts":"set","ast-page-background-enabled":"default","ast-page-background-meta":{"desktop":{"background-color":"var(--ast-global-color-4)","background-image":"","background-repeat":"repeat","background-position":"center center","background-size":"auto","background-attachment":"scroll","background-type":"","background-media":"","overlay-type":"","overlay-color":"","overlay-opacity":"","overlay-gradient":""},"tablet":{"background-color":"","background-image":"","background-repeat":"repeat","background-position":"center center","background-size":"auto","background-attachment":"scroll","background-type":"","background-media":"","overlay-type":"","overlay-color":"","overlay-opacity":"","overlay-gradient":""},"mobile":{"background-color":"","background-image":"","background-repeat":"repeat","background-position":"center center","background-size":"auto","background-attachment":"scroll","background-type":"","background-media":"","overlay-type":"","overlay-color":"","overlay-opacity":"","overlay-gradient":""}},"ast-content-background-meta":{"desktop":{"background-color":"var(--ast-global-color-5)","background-image":"","background-repeat":"repeat","background-position":"center center","background-size":"auto","background-attachment":"scroll","background-type":"","background-media":"","overlay-type":"","overlay-color":"","overlay-opacity":"","overlay-gradient":""},"tablet":{"background-color":"var(--ast-global-color-5)","background-image":"","background-repeat":"repeat","background-position":"center center","background-size":"auto","background-attachment":"scroll","background-type":"","background-media":"","overlay-type":"","overlay-color":"","overlay-opacity":"","overlay-gradient":""},"mobile":{"background-color":"var(--ast-global-color-5)","background-image":"","background-repeat":"repeat","background-position":"center center","background-size":"auto","background-attachment":"scroll","background-type":"","background-media":"","overlay-type":"","overlay-color":"","overlay-opacity":"","overlay-gradient":""}}},"product_brand":[],"product_cat":[21],"product_tag":[],"class_list":{"0":"post-1865","1":"product","2":"type-product","3":"status-publish","4":"has-post-thumbnail","6":"product_cat-visita-felipe","7":"desktop-align-center","8":"tablet-align-left","9":"mobile-align-left","11":"first","12":"instock","13":"virtual","14":"taxable","15":"purchasable","16":"product-type-simple"},"acf":[],"uagb_featured_image_src":{"full":["https:\/\/almamatermuseum.com\/compra-de-entradas\/wp-content\/uploads\/2026\/03\/3-1.png",600,200,false],"thumbnail":["https:\/\/almamatermuseum.com\/compra-de-entradas\/wp-content\/uploads\/2026\/03\/3-1-150x150.png",150,150,true],"medium":["https:\/\/almamatermuseum.com\/compra-de-entradas\/wp-content\/uploads\/2026\/03\/3-1-300x100.png",300,100,true],"medium_large":["https:\/\/almamatermuseum.com\/compra-de-entradas\/wp-content\/uploads\/2026\/03\/3-1.png",600,200,false],"large":["https:\/\/almamatermuseum.com\/compra-de-entradas\/wp-content\/uploads\/2026\/03\/3-1.png",600,200,false],"1536x1536":["https:\/\/almamatermuseum.com\/compra-de-entradas\/wp-content\/uploads\/2026\/03\/3-1.png",600,200,false],"2048x2048":["https:\/\/almamatermuseum.com\/compra-de-entradas\/wp-content\/uploads\/2026\/03\/3-1.png",600,200,false],"woocommerce_thumbnail":["https:\/\/almamatermuseum.com\/compra-de-entradas\/wp-content\/uploads\/2026\/03\/3-1-300x100.png",300,100,true],"woocommerce_single":["https:\/\/almamatermuseum.com\/compra-de-entradas\/wp-content\/uploads\/2026\/03\/3-1.png",600,200,false],"woocommerce_gallery_thumbnail":["https:\/\/almamatermuseum.com\/compra-de-entradas\/wp-content\/uploads\/2026\/03\/3-1-100x100.png",100,100,true]},"uagb_author_info":{"display_name":"DesarrolloSephor","author_link":"https:\/\/almamatermuseum.com\/compra-de-entradas\/author\/"},"uagb_comment_info":0,"uagb_excerpt":"La iglesia de San Felipe y Santiago el Menor es un espacio donde todo huele a barroco. \u00bfCu\u00e1l es su esencia? \u00bfQu\u00e9 nos evoca su interior? \u00bfQu\u00e9 hay detr\u00e1s de su arte? En esta visita nos meteremos de lleno a experimentar las sensaciones que nos transmite un templo como este. S\u00f3lo as\u00ed podremos ser conscientes&hellip;","publishpress_future_action":{"enabled":true,"date":"2026-05-20 19:00:00","action":"change-status","newStatus":"draft","terms":[0],"taxonomy":"product_type","extraData":[]},"publishpress_future_workflow_manual_trigger":{"enabledWorkflows":[]},"_links":{"self":[{"href":"https:\/\/almamatermuseum.com\/compra-de-entradas\/wp-json\/wp\/v2\/product\/1865","targetHints":{"allow":["GET"]}}],"collection":[{"href":"https:\/\/almamatermuseum.com\/compra-de-entradas\/wp-json\/wp\/v2\/product"}],"about":[{"href":"https:\/\/almamatermuseum.com\/compra-de-entradas\/wp-json\/wp\/v2\/types\/product"}],"wp:featuredmedia":[{"embeddable":true,"href":"https:\/\/almamatermuseum.com\/compra-de-entradas\/wp-json\/wp\/v2\/media\/1856"}],"wp:attachment":[{"href":"https:\/\/almamatermuseum.com\/compra-de-entradas\/wp-json\/wp\/v2\/media?parent=1865"}],"wp:term":[{"taxonomy":"product_brand","embeddable":true,"href":"https:\/\/almamatermuseum.com\/compra-de-entradas\/wp-json\/wp\/v2\/product_brand?post=1865"},{"taxonomy":"product_cat","embeddable":true,"href":"https:\/\/almamatermuseum.com\/compra-de-entradas\/wp-json\/wp\/v2\/product_cat?post=1865"},{"taxonomy":"product_tag","embeddable":true,"href":"https:\/\/almamatermuseum.com\/compra-de-entradas\/wp-json\/wp\/v2\/product_tag?post=1865"}],"curies":[{"name":"wp","href":"https:\/\/api.w.org\/{rel}","templated":true}]}}